{"id":129,"date":"2014-08-07T09:28:38","date_gmt":"2014-08-07T07:28:38","guid":{"rendered":"http:\/\/regionalcup.athletico-buedelsdorf.de\/?page_id=129"},"modified":"2019-05-02T19:46:08","modified_gmt":"2019-05-02T17:46:08","slug":"ausschreibung-erwachsene-2-2","status":"publish","type":"page","link":"https:\/\/regionalcup.athletico-buedelsdorf.de\/?page_id=129","title":{"rendered":"Ausschreibung Erwachsene"},"content":{"rendered":"<p><span style=\"text-decoration: underline;\"><strong>Auswertung:<\/strong><\/span><\/p>\n<p>Rolf Dammann, <a href=\"mailto:regionalcup@freenet.de\" target=\"_blank\" rel=\"noopener noreferrer\">regionalcup@freenet.de<\/a><\/p>\n<p><span style=\"text-decoration: underline;\"><strong>Allgemein:<\/strong><\/span><\/p>\n<p>Es erfolgt eine einheitliche Wertung bei allen L\u00e4ufen. Eine Vereinszugeh\u00f6rigkeit ist nicht n\u00f6tig. Eine zus\u00e4tzliche Anmeldung zum Regionalcup ist nicht erforderlich.<\/p>\n<p><span style=\"text-decoration: underline;\"><strong>Punktevergabe:<\/strong><\/span><\/p>\n<p>Die ersten 20 L\u00e4uferinnen und L\u00e4ufer der Hauptklassen bzw. Masterklassen kommen in die Punktewertung.<\/p>\n<p><span style=\"text-decoration: underline;\"><strong>Punktesystem:<\/strong><\/span><\/p>\n<p>Punktemodus: Platz 1 = 20 Punkte bis Platz 20 = 1 Punkt<br \/>\nBei Punktgleichheit entscheiden die besseren Einzelplatzierungen.<\/p>\n<p><span style=\"text-decoration: underline;\"><strong>Klasseneinteilung:<\/strong><\/span><\/p>\n<p>M\u00e4nner-Hauptklasse: Senioren M35 und tieferliegende Altersklassen<br \/>\nM\u00e4nner-Masterklasse I: Senioren M40 und M45<br \/>\nM\u00e4nner-Masterklasse II: Senioren M50 und M55<br \/>\nM\u00e4nner-Masterklasse III: Senioren M60 und \u00e4lter<\/p>\n<p>Frauen-Hauptklasse: Seniorinnen W35 und tieferliegende Altersklassen<br \/>\nFrauen-Masterklasse I: Seniorinnen W40 und W45<br \/>\nFrauen-Masterklasse II: Seniorinnen W50 und W55<br \/>\nFrauen-Masterklasse III: Seniorinnen W60 und \u00e4lter<\/p>\n<p>Altersklasseneinteilung und Wertung des Regional-Cups sind unabh\u00e4ngig von der Einteilung und Wertung bei der jeweiligen Lauf-Veranstaltung.<\/p>\n<p><span style=\"text-decoration: underline;\"><strong>Preise:<\/strong><\/span><\/p>\n<p>Es werden nur 7 von 9 L\u00e4ufen gewertet. Wird an mehr L\u00e4ufen teilgenommen, gilt\/gelten das schlechteste\/die schlechtesten als Streichergebnis! <strong>F\u00fcr die Endauswertung ist eine Mindestanzahl von 4 L\u00e4ufen notwendig<\/strong>.<\/p>\n<p>Die jeweils ersten drei Sieger einer Klasse werden bei der letzten Laufveranstaltung, dem 30. B\u00fcdelsdorfer Eiderlauf am 20. Oktober 2019, geehrt.<br \/>\n1. Platz: Ein Einkaufsgutschein von Intersport I.D. Sievers im Wert von \u20ac 30,-<br \/>\n2. Platz: Ein Einkaufsgutschein von Intersport I.D. Sievers im Wert von \u20ac 20,-<br \/>\n3. Platz: Ein Einkaufsgutschein von Intersport I.D. Sievers im Wert von \u20ac 10,-<\/p>\n","protected":false},"excerpt":{"rendered":"<p>Auswertung: Rolf Dammann, regionalcup@freenet.de Allgemein: Es erfolgt eine einheitliche Wertung bei allen L\u00e4ufen. Eine Vereinszugeh\u00f6rigkeit ist nicht n\u00f6tig. Eine zus\u00e4tzliche Anmeldung zum Regionalcup ist nicht erforderlich. Punktevergabe: Die ersten 20 L\u00e4uferinnen und L\u00e4ufer der&#46;&#46;&#46;<\/p>\n","protected":false},"author":1,"featured_media":0,"parent":0,"menu_order":0,"comment_status":"open","ping_status":"open","template":"","meta":{"ngg_post_thumbnail":0,"footnotes":""},"class_list":["post-129","page","type-page","status-publish","hentry"],"_links":{"self":[{"href":"https:\/\/regionalcup.athletico-buedelsdorf.de\/index.php?rest_route=\/wp\/v2\/pages\/129","targetHints":{"allow":["GET"]}}],"collection":[{"href":"https:\/\/regionalcup.athletico-buedelsdorf.de\/index.php?rest_route=\/wp\/v2\/pages"}],"about":[{"href":"https:\/\/regionalcup.athletico-buedelsdorf.de\/index.php?rest_route=\/wp\/v2\/types\/page"}],"author":[{"embeddable":true,"href":"https:\/\/regionalcup.athletico-buedelsdorf.de\/index.php?rest_route=\/wp\/v2\/users\/1"}],"replies":[{"embeddable":true,"href":"https:\/\/regionalcup.athletico-buedelsdorf.de\/index.php?rest_route=%2Fwp%2Fv2%2Fcomments&post=129"}],"version-history":[{"count":20,"href":"https:\/\/regionalcup.athletico-buedelsdorf.de\/index.php?rest_route=\/wp\/v2\/pages\/129\/revisions"}],"predecessor-version":[{"id":833,"href":"https:\/\/regionalcup.athletico-buedelsdorf.de\/index.php?rest_route=\/wp\/v2\/pages\/129\/revisions\/833"}],"wp:attachment":[{"href":"https:\/\/regionalcup.athletico-buedelsdorf.de\/index.php?rest_route=%2Fwp%2Fv2%2Fmedia&parent=129"}],"curies":[{"name":"wp","href":"https:\/\/api.w.org\/{rel}","templated":true}]}}