{"id":16,"date":"2014-08-06T13:46:44","date_gmt":"2014-08-06T11:46:44","guid":{"rendered":"http:\/\/regionalcup.athletico-buedelsdorf.de\/?page_id=16"},"modified":"2018-07-20T12:08:23","modified_gmt":"2018-07-20T10:08:23","slug":"mannschaftswertung","status":"publish","type":"page","link":"https:\/\/regionalcup.athletico-buedelsdorf.de\/?page_id=16","title":{"rendered":"Mannschaftswertung"},"content":{"rendered":"<h2 class=\"contentheading\">Mannschaftswertung im Regionalcup<\/h2>\n<div class=\"jsn-article-content\">\n<p>Bei den Hauptl\u00e4ufen wird automatisch eine Teamwertung durchgef\u00fchrt. Ein Team setzt sich dabei aus den vier schnellsten L\u00e4ufern \/ L\u00e4uferinnen eines Vereins, Betriebes oder sonstiger Gruppen, egal welcher Altersklasse, zusammen. Bei der Anmeldung ist unbedingt auf einheitliche Schreibweise des Vereins, bzw. Team-Namens zu achten, da sonst eine korrekte Wertung nicht m\u00f6glich ist.<\/p>\n<p>Die Punktewertung erfolgt wie in der Hauptklasse. Mehrere Teambildungen sind m\u00f6glich.<\/p>\n<p>Es gibt in der Mannschaftswertung <span style=\"text-decoration: underline;\"><strong>keine<\/strong><\/span> Streichergebnisse.<\/p>\n<p>Die Mannschaftswertung gilt <span style=\"text-decoration: underline;\"><strong>NICHT <\/strong><\/span>f\u00fcr die Jugendwertung.<\/p>\n<\/div>\n","protected":false},"excerpt":{"rendered":"<p>Mannschaftswertung im Regionalcup Bei den Hauptl\u00e4ufen wird automatisch eine Teamwertung durchgef\u00fchrt. Ein Team setzt sich dabei aus den vier schnellsten L\u00e4ufern \/ L\u00e4uferinnen eines Vereins, Betriebes oder sonstiger Gruppen, egal welcher Altersklasse, zusammen. Bei&#46;&#46;&#46;<\/p>\n","protected":false},"author":1,"featured_media":0,"parent":0,"menu_order":0,"comment_status":"open","ping_status":"open","template":"","meta":{"ngg_post_thumbnail":0,"footnotes":""},"class_list":["post-16","page","type-page","status-publish","hentry"],"_links":{"self":[{"href":"https:\/\/regionalcup.athletico-buedelsdorf.de\/index.php?rest_route=\/wp\/v2\/pages\/16","targetHints":{"allow":["GET"]}}],"collection":[{"href":"https:\/\/regionalcup.athletico-buedelsdorf.de\/index.php?rest_route=\/wp\/v2\/pages"}],"about":[{"href":"https:\/\/regionalcup.athletico-buedelsdorf.de\/index.php?rest_route=\/wp\/v2\/types\/page"}],"author":[{"embeddable":true,"href":"https:\/\/regionalcup.athletico-buedelsdorf.de\/index.php?rest_route=\/wp\/v2\/users\/1"}],"replies":[{"embeddable":true,"href":"https:\/\/regionalcup.athletico-buedelsdorf.de\/index.php?rest_route=%2Fwp%2Fv2%2Fcomments&post=16"}],"version-history":[{"count":5,"href":"https:\/\/regionalcup.athletico-buedelsdorf.de\/index.php?rest_route=\/wp\/v2\/pages\/16\/revisions"}],"predecessor-version":[{"id":764,"href":"https:\/\/regionalcup.athletico-buedelsdorf.de\/index.php?rest_route=\/wp\/v2\/pages\/16\/revisions\/764"}],"wp:attachment":[{"href":"https:\/\/regionalcup.athletico-buedelsdorf.de\/index.php?rest_route=%2Fwp%2Fv2%2Fmedia&parent=16"}],"curies":[{"name":"wp","href":"https:\/\/api.w.org\/{rel}","templated":true}]}}