{"id":216,"date":"2014-08-13T12:04:23","date_gmt":"2014-08-13T10:04:23","guid":{"rendered":"http:\/\/regionalcup.athletico-buedelsdorf.de\/?page_id=216"},"modified":"2014-08-15T09:05:12","modified_gmt":"2014-08-15T07:05:12","slug":"ergebnislisten-2010","status":"publish","type":"page","link":"https:\/\/regionalcup.athletico-buedelsdorf.de\/?page_id=216","title":{"rendered":"Ergebnislisten 2010"},"content":{"rendered":"<div style=\"text-align: left;\"><a href=\"http:\/\/regionalcup.athletico-buedelsdorf.de\/wp-content\/uploads\/2014\/08\/mhk.pdf\" target=\"_blank\">M\u00e4nner-Hauptklasse<\/a><\/div>\n<div style=\"text-align: left;\"><\/div>\n<div style=\"text-align: left;\"><a href=\"http:\/\/regionalcup.athletico-buedelsdorf.de\/wp-content\/uploads\/2014\/08\/mmki.pdf\" target=\"_blank\">M\u00e4nner-Masterklasse I <\/a><\/div>\n<div style=\"text-align: left;\"><\/div>\n<div style=\"text-align: left;\"><a href=\"http:\/\/regionalcup.athletico-buedelsdorf.de\/wp-content\/uploads\/2014\/08\/mmkii.pdf\" target=\"_blank\">M\u00e4nner-Masterklasse II <\/a><\/div>\n<div style=\"text-align: left;\"><\/div>\n<div style=\"text-align: left;\"><a href=\"http:\/\/regionalcup.athletico-buedelsdorf.de\/wp-content\/uploads\/2014\/08\/mmkiii.pdf\" target=\"_blank\">M\u00e4nner-Masterklasse III <\/a><\/div>\n<div style=\"text-align: left;\"><\/div>\n<div style=\"text-align: left;\"><a href=\"http:\/\/regionalcup.athletico-buedelsdorf.de\/wp-content\/uploads\/2014\/08\/fhk.pdf\" target=\"_blank\">Frauen-Hauptklasse<\/a><\/div>\n<div style=\"text-align: left;\"><\/div>\n<div style=\"text-align: left;\"><a href=\"http:\/\/regionalcup.athletico-buedelsdorf.de\/wp-content\/uploads\/2014\/08\/fmki.pdf\" target=\"_blank\">Frauen-Masterklasse I<\/a><\/div>\n<div style=\"text-align: left;\"><\/div>\n<div style=\"text-align: left;\"><a href=\"http:\/\/regionalcup.athletico-buedelsdorf.de\/wp-content\/uploads\/2014\/08\/fmkii.pdf\" target=\"_blank\">Frauen-Masterklasse II <\/a><\/div>\n<div style=\"text-align: left;\"><\/div>\n<div style=\"text-align: left;\"><a href=\"http:\/\/regionalcup.athletico-buedelsdorf.de\/wp-content\/uploads\/2014\/08\/fmkiii.pdf\" target=\"_blank\">Frauen-Masterklasse III <\/a><\/div>\n<div style=\"text-align: left;\"><\/div>\n<div style=\"text-align: left;\"><a href=\"http:\/\/regionalcup.athletico-buedelsdorf.de\/wp-content\/uploads\/2014\/08\/teamwertung.pdf\" target=\"_blank\">Teamwertung-Gemischt<\/a><\/div>\n<div style=\"text-align: left;\"><\/div>\n<div style=\"text-align: left;\"><a href=\"http:\/\/regionalcup.athletico-buedelsdorf.de\/wp-content\/uploads\/2014\/08\/teamwertung_frauen.pdf\" target=\"_blank\">Teamwertung-Frauen<\/a><\/div>\n<div style=\"text-align: left;\">\n<p>&nbsp;<\/p>\n<p><a href=\"http:\/\/regionalcup.athletico-buedelsdorf.de\/wp-content\/uploads\/2014\/08\/sia.pdf\" target=\"_blank\">Sch\u00fclerinnen A <\/a><\/p>\n<p><a href=\"http:\/\/regionalcup.athletico-buedelsdorf.de\/wp-content\/uploads\/2014\/08\/sib.pdf\" target=\"_blank\">Sch\u00fclerinnen B <\/a><\/p>\n<p><a href=\"http:\/\/regionalcup.athletico-buedelsdorf.de\/wp-content\/uploads\/2014\/08\/sic.pdf\" target=\"_blank\">Sch\u00fclerinnen C <\/a><\/p>\n<p><a href=\"http:\/\/regionalcup.athletico-buedelsdorf.de\/wp-content\/uploads\/2014\/08\/sid.pdf\" target=\"_blank\">Sch\u00fclerinnen D <\/a><\/p>\n<p><a href=\"http:\/\/regionalcup.athletico-buedelsdorf.de\/wp-content\/uploads\/2014\/08\/wj.pdf\" target=\"_blank\">w Jugend <\/a><\/p>\n<p><a href=\"http:\/\/regionalcup.athletico-buedelsdorf.de\/wp-content\/uploads\/2014\/08\/sa.pdf\" target=\"_blank\">Sch\u00fcler A <\/a><\/p>\n<div><a href=\"http:\/\/regionalcup.athletico-buedelsdorf.de\/wp-content\/uploads\/2014\/08\/sb.pdf\" target=\"_blank\">Sch\u00fcler B <\/a><\/div>\n<p><a href=\"http:\/\/regionalcup.athletico-buedelsdorf.de\/wp-content\/uploads\/2014\/08\/sc.pdf\" target=\"_blank\">Sch\u00fcler C <\/a><\/p>\n<p><a href=\"http:\/\/regionalcup.athletico-buedelsdorf.de\/wp-content\/uploads\/2014\/08\/sd.pdf\" target=\"_blank\">Sch\u00fcler D <\/a><\/p>\n<p><a href=\"http:\/\/regionalcup.athletico-buedelsdorf.de\/wp-content\/uploads\/2014\/08\/mj.pdf\" target=\"_blank\">m Jugend<\/a><\/p>\n","protected":false},"excerpt":{"rendered":"<p>M\u00e4nner-Hauptklasse M\u00e4nner-Masterklasse I M\u00e4nner-Masterklasse II M\u00e4nner-Masterklasse III Frauen-Hauptklasse Frauen-Masterklasse I Frauen-Masterklasse II Frauen-Masterklasse III Teamwertung-Gemischt Teamwertung-Frauen &nbsp; Sch\u00fclerinnen A Sch\u00fclerinnen B Sch\u00fclerinnen C Sch\u00fclerinnen D w Jugend Sch\u00fcler A Sch\u00fcler B Sch\u00fcler C Sch\u00fcler&#46;&#46;&#46;<\/p>\n","protected":false},"author":1,"featured_media":0,"parent":0,"menu_order":0,"comment_status":"open","ping_status":"open","template":"","meta":{"ngg_post_thumbnail":0,"footnotes":""},"class_list":["post-216","page","type-page","status-publish","hentry"],"_links":{"self":[{"href":"https:\/\/regionalcup.athletico-buedelsdorf.de\/index.php?rest_route=\/wp\/v2\/pages\/216","targetHints":{"allow":["GET"]}}],"collection":[{"href":"https:\/\/regionalcup.athletico-buedelsdorf.de\/index.php?rest_route=\/wp\/v2\/pages"}],"about":[{"href":"https:\/\/regionalcup.athletico-buedelsdorf.de\/index.php?rest_route=\/wp\/v2\/types\/page"}],"author":[{"embeddable":true,"href":"https:\/\/regionalcup.athletico-buedelsdorf.de\/index.php?rest_route=\/wp\/v2\/users\/1"}],"replies":[{"embeddable":true,"href":"https:\/\/regionalcup.athletico-buedelsdorf.de\/index.php?rest_route=%2Fwp%2Fv2%2Fcomments&post=216"}],"version-history":[{"count":15,"href":"https:\/\/regionalcup.athletico-buedelsdorf.de\/index.php?rest_route=\/wp\/v2\/pages\/216\/revisions"}],"predecessor-version":[{"id":321,"href":"https:\/\/regionalcup.athletico-buedelsdorf.de\/index.php?rest_route=\/wp\/v2\/pages\/216\/revisions\/321"}],"wp:attachment":[{"href":"https:\/\/regionalcup.athletico-buedelsdorf.de\/index.php?rest_route=%2Fwp%2Fv2%2Fmedia&parent=216"}],"curies":[{"name":"wp","href":"https:\/\/api.w.org\/{rel}","templated":true}]}}