{"id":299,"date":"2014-08-13T14:33:04","date_gmt":"2014-08-13T12:33:04","guid":{"rendered":"http:\/\/regionalcup.athletico-buedelsdorf.de\/?page_id=299"},"modified":"2014-08-14T13:32:50","modified_gmt":"2014-08-14T11:32:50","slug":"ergebnisse-2006","status":"publish","type":"page","link":"https:\/\/regionalcup.athletico-buedelsdorf.de\/?page_id=299","title":{"rendered":"Ergebnisse 2006"},"content":{"rendered":"<p><a href=\"http:\/\/regionalcup.athletico-buedelsdorf.de\/wp-content\/uploads\/2014\/08\/MHK_2006.pdf\" target=\"_blank\">M\u00e4nner &#8211; Hauptklasse<\/a><\/p>\n<p><a href=\"http:\/\/regionalcup.athletico-buedelsdorf.de\/wp-content\/uploads\/2014\/08\/MMKII_2006.pdf\" target=\"_blank\">M\u00e4nner &#8211; Masterklasse I<\/a><\/p>\n<p><a href=\"http:\/\/regionalcup.athletico-buedelsdorf.de\/wp-content\/uploads\/2014\/08\/FHK_2006.pdf\" target=\"_blank\">M\u00e4nner &#8211; Masterklasse II<\/a><\/p>\n<p><a href=\"http:\/\/regionalcup.athletico-buedelsdorf.de\/wp-content\/uploads\/2014\/08\/FMKI_2006.pdf\" target=\"_blank\">Frauen &#8211; Hauptklasse<\/a><\/p>\n<p><a href=\"http:\/\/regionalcup.athletico-buedelsdorf.de\/wp-content\/uploads\/2014\/08\/FMKII_2006.pdf\" target=\"_blank\">Frauen &#8211; Masterklasse I<\/a><\/p>\n<p><a href=\"http:\/\/regionalcup.athletico-buedelsdorf.de\/wp-content\/uploads\/2014\/08\/Teamwertung_2006.pdf\" target=\"_blank\">Frauen &#8211; Masterklasse II<\/a><\/p>\n<p><a href=\"http:\/\/regionalcup.athletico-buedelsdorf.de\/wp-content\/uploads\/2014\/08\/Teamwertung_2006.pdf\" target=\"_blank\">Teamwertung<\/a><\/p>\n","protected":false},"excerpt":{"rendered":"<p>M\u00e4nner &#8211; Hauptklasse M\u00e4nner &#8211; Masterklasse I M\u00e4nner &#8211; Masterklasse II Frauen &#8211; Hauptklasse Frauen &#8211; Masterklasse I Frauen &#8211; Masterklasse II Teamwertung<\/p>\n","protected":false},"author":1,"featured_media":0,"parent":0,"menu_order":0,"comment_status":"open","ping_status":"open","template":"","meta":{"ngg_post_thumbnail":0,"footnotes":""},"class_list":["post-299","page","type-page","status-publish","hentry"],"_links":{"self":[{"href":"https:\/\/regionalcup.athletico-buedelsdorf.de\/index.php?rest_route=\/wp\/v2\/pages\/299","targetHints":{"allow":["GET"]}}],"collection":[{"href":"https:\/\/regionalcup.athletico-buedelsdorf.de\/index.php?rest_route=\/wp\/v2\/pages"}],"about":[{"href":"https:\/\/regionalcup.athletico-buedelsdorf.de\/index.php?rest_route=\/wp\/v2\/types\/page"}],"author":[{"embeddable":true,"href":"https:\/\/regionalcup.athletico-buedelsdorf.de\/index.php?rest_route=\/wp\/v2\/users\/1"}],"replies":[{"embeddable":true,"href":"https:\/\/regionalcup.athletico-buedelsdorf.de\/index.php?rest_route=%2Fwp%2Fv2%2Fcomments&post=299"}],"version-history":[{"count":6,"href":"https:\/\/regionalcup.athletico-buedelsdorf.de\/index.php?rest_route=\/wp\/v2\/pages\/299\/revisions"}],"predecessor-version":[{"id":313,"href":"https:\/\/regionalcup.athletico-buedelsdorf.de\/index.php?rest_route=\/wp\/v2\/pages\/299\/revisions\/313"}],"wp:attachment":[{"href":"https:\/\/regionalcup.athletico-buedelsdorf.de\/index.php?rest_route=%2Fwp%2Fv2%2Fmedia&parent=299"}],"curies":[{"name":"wp","href":"https:\/\/api.w.org\/{rel}","templated":true}]}}