{"id":864,"date":"2019-05-16T13:05:20","date_gmt":"2019-05-16T11:05:20","guid":{"rendered":"http:\/\/regionalcup.athletico-buedelsdorf.de\/?page_id=864"},"modified":"2019-05-16T13:05:22","modified_gmt":"2019-05-16T11:05:22","slug":"bargstedt-war-jetzt-kommt-nortorf","status":"publish","type":"page","link":"https:\/\/regionalcup.athletico-buedelsdorf.de\/?page_id=864","title":{"rendered":"Bargstedt war &#8211; jetzt kommt Nortorf"},"content":{"rendered":"\n<p>Drei L\u00e4ufe mit dem neuen Sponsor INTERSPORT I.D.SIEVERS liegen hinter uns.<\/p>\n\n\n\n<p>In der Jugendwertung haben schon die ersten L\u00e4ufer die Mindestteilnahmen erreicht (sind in der Auswertung gr\u00fcn markiert).<\/p>\n\n\n\n<p>Die Ergebnisse vom 17. Bargstedter Mittsommernachtslauf findet ihr auf <a href=\"http:\/\/www.wetzstopp.de\">www.wetzstopp.de<\/a><\/p>\n\n\n\n<p>Die aktuellen Punktest\u00e4nde findet ihr <a href=\"http:\/\/regionalcup.athletico-buedelsdorf.de\/?page_id=399\">[hier]<\/a><\/p>\n\n\n\n<p>Jetzt kommt Nortorf am 8. Juli, Anmeldung \u00fcber <a href=\"http:\/\/stgk.de\/Anmeldung_1_0_0_1_0_0_0_0.asp?Code=37\">www.stgk.de<\/a>&nbsp;bis zum 3. Juli.<\/p>\n","protected":false},"excerpt":{"rendered":"<p>Drei L\u00e4ufe mit dem neuen Sponsor INTERSPORT I.D.SIEVERS liegen hinter uns. In der Jugendwertung haben schon die ersten L\u00e4ufer die Mindestteilnahmen erreicht (sind in der Auswertung gr\u00fcn markiert). Die Ergebnisse vom 17. Bargstedter Mittsommernachtslauf&#46;&#46;&#46;<\/p>\n","protected":false},"author":1,"featured_media":0,"parent":0,"menu_order":0,"comment_status":"closed","ping_status":"closed","template":"","meta":{"ngg_post_thumbnail":0,"footnotes":""},"class_list":["post-864","page","type-page","status-publish","hentry"],"_links":{"self":[{"href":"https:\/\/regionalcup.athletico-buedelsdorf.de\/index.php?rest_route=\/wp\/v2\/pages\/864","targetHints":{"allow":["GET"]}}],"collection":[{"href":"https:\/\/regionalcup.athletico-buedelsdorf.de\/index.php?rest_route=\/wp\/v2\/pages"}],"about":[{"href":"https:\/\/regionalcup.athletico-buedelsdorf.de\/index.php?rest_route=\/wp\/v2\/types\/page"}],"author":[{"embeddable":true,"href":"https:\/\/regionalcup.athletico-buedelsdorf.de\/index.php?rest_route=\/wp\/v2\/users\/1"}],"replies":[{"embeddable":true,"href":"https:\/\/regionalcup.athletico-buedelsdorf.de\/index.php?rest_route=%2Fwp%2Fv2%2Fcomments&post=864"}],"version-history":[{"count":1,"href":"https:\/\/regionalcup.athletico-buedelsdorf.de\/index.php?rest_route=\/wp\/v2\/pages\/864\/revisions"}],"predecessor-version":[{"id":865,"href":"https:\/\/regionalcup.athletico-buedelsdorf.de\/index.php?rest_route=\/wp\/v2\/pages\/864\/revisions\/865"}],"wp:attachment":[{"href":"https:\/\/regionalcup.athletico-buedelsdorf.de\/index.php?rest_route=%2Fwp%2Fv2%2Fmedia&parent=864"}],"curies":[{"name":"wp","href":"https:\/\/api.w.org\/{rel}","templated":true}]}}