{"id":901,"date":"2019-05-16T13:27:52","date_gmt":"2019-05-16T11:27:52","guid":{"rendered":"http:\/\/regionalcup.athletico-buedelsdorf.de\/?page_id=901"},"modified":"2019-05-16T13:27:54","modified_gmt":"2019-05-16T11:27:54","slug":"22-osterroenfelder-moorlauf","status":"publish","type":"page","link":"https:\/\/regionalcup.athletico-buedelsdorf.de\/?page_id=901","title":{"rendered":"22. Osterr\u00f6nfelder Moorlauf"},"content":{"rendered":"\n<p>Am kommenden Freitag geht es in Osterr\u00f6nfeld weiter bei der Punktejagd f\u00fcr den Regionalcup..<\/p>\n\n\n\n<!--more-->\n\n\n\n<p>Da dies die vorletzte M\u00f6glichkeit f\u00fcr Punkte ist k\u00f6nnen hier schon einige Vorentscheidungen fallen. Letrter Wertungslauf dann am 3. Oktober in Alt Duvenstedt.<\/p>\n\n\n\n<p><a href=\"http:\/\/regionalcup.athletico-buedelsdorf.de\/?page_id=99\">Ausschreibung<\/a><\/p>\n\n\n\n<p><a href=\"http:\/\/my3.raceresult.com\/details\/results.php?lang=de&amp;page=7&amp;eventid=28158&amp;contest=0&amp;name=Teilnehmerlisten%7CTeilnehmerlisteABC&amp;format=view\" target=\"_blank\" rel=\"noreferrer noopener\">Teilnehmerliste<\/a><\/p>\n","protected":false},"excerpt":{"rendered":"<p>Am kommenden Freitag geht es in Osterr\u00f6nfeld weiter bei der Punktejagd f\u00fcr den Regionalcup..<\/p>\n","protected":false},"author":1,"featured_media":0,"parent":0,"menu_order":0,"comment_status":"closed","ping_status":"closed","template":"","meta":{"ngg_post_thumbnail":0,"footnotes":""},"class_list":["post-901","page","type-page","status-publish","hentry"],"_links":{"self":[{"href":"https:\/\/regionalcup.athletico-buedelsdorf.de\/index.php?rest_route=\/wp\/v2\/pages\/901","targetHints":{"allow":["GET"]}}],"collection":[{"href":"https:\/\/regionalcup.athletico-buedelsdorf.de\/index.php?rest_route=\/wp\/v2\/pages"}],"about":[{"href":"https:\/\/regionalcup.athletico-buedelsdorf.de\/index.php?rest_route=\/wp\/v2\/types\/page"}],"author":[{"embeddable":true,"href":"https:\/\/regionalcup.athletico-buedelsdorf.de\/index.php?rest_route=\/wp\/v2\/users\/1"}],"replies":[{"embeddable":true,"href":"https:\/\/regionalcup.athletico-buedelsdorf.de\/index.php?rest_route=%2Fwp%2Fv2%2Fcomments&post=901"}],"version-history":[{"count":1,"href":"https:\/\/regionalcup.athletico-buedelsdorf.de\/index.php?rest_route=\/wp\/v2\/pages\/901\/revisions"}],"predecessor-version":[{"id":902,"href":"https:\/\/regionalcup.athletico-buedelsdorf.de\/index.php?rest_route=\/wp\/v2\/pages\/901\/revisions\/902"}],"wp:attachment":[{"href":"https:\/\/regionalcup.athletico-buedelsdorf.de\/index.php?rest_route=%2Fwp%2Fv2%2Fmedia&parent=901"}],"curies":[{"name":"wp","href":"https:\/\/api.w.org\/{rel}","templated":true}]}}