{"id":928,"date":"2019-05-16T16:24:38","date_gmt":"2019-05-16T14:24:38","guid":{"rendered":"http:\/\/regionalcup.athletico-buedelsdorf.de\/?page_id=928"},"modified":"2019-05-16T16:24:40","modified_gmt":"2019-05-16T14:24:40","slug":"siegerehrung-2018","status":"publish","type":"page","link":"https:\/\/regionalcup.athletico-buedelsdorf.de\/?page_id=928","title":{"rendered":"Siegerehrung 2018"},"content":{"rendered":"\n<p>Heute<abbr title=\"21.10.18, 07:26\"><abbr title=\"21.10.18, 07:26\"><abbr title=\"21.10.18, 07:26\"><abbr title=\"21.10.18, 07:26\"><a href=\"https:\/\/www.facebook.com\/Regionalcup\/posts\/915465761961936?__xts__%5B0%5D=68.ARAUMMoKX0ffGEMVa1mMLkIW8Si7VAW2vk4KLVcwIKVJRq-jcpxN7FMbQizzKGdLBGcHiR1uM2Gg4ORuqDOu5qp5XMpeWx6xIt1cWy7a4b2EAywBI-xKaHTYROdxsDCDRsVSXltbHG5LodzRzbI7KiYmSQLySp016wY_uH2gLG4jgFMsJB7MKiSJ3juJxMYysoUdvhL_f4lflVLttagXtX0C--scBYs0pVkE_aPV2Y3PDryqxlKr4NNS1XBLbFC5sC3e81UVd5mAA1FVJSbJsrT8AhRsCKpr88DhPjq2ILLzQtPaf6MkyZFi9QLD2vK1VGTsNd1j6aNh9nhtaWCMdGQ&amp;__tn__=-R\"><abbr title=\"21.10.18, 07:26\"><\/a> (21.Oktober 2018) <abbr title=\"21.10.18, 07:26\">war die Siegerehrung vom 14. Intersport ID Sievers Regionalcup beim 29. B\u00fcdelsdorfer Eiderlauf. Bei der Jugendwertung waren alle Sieger anwesend und konnten somit ihre Troph\u00e4en pers\u00f6nlich entgegennehmen und bei den Erwachsenen wurden zumindest die Gutscheine und Urkunden von Vereinskollegen mitgenommen.<\/p>\n","protected":false},"excerpt":{"rendered":"<p>Heute (21.Oktober 2018) war die Siegerehrung vom 14. Intersport ID Sievers Regionalcup beim 29. B\u00fcdelsdorfer Eiderlauf. Bei der Jugendwertung waren alle Sieger anwesend und konnten somit ihre Troph\u00e4en pers\u00f6nlich entgegennehmen und bei den Erwachsenen&#46;&#46;&#46;<\/p>\n","protected":false},"author":1,"featured_media":0,"parent":0,"menu_order":0,"comment_status":"closed","ping_status":"closed","template":"","meta":{"ngg_post_thumbnail":0,"footnotes":""},"class_list":["post-928","page","type-page","status-publish","hentry"],"_links":{"self":[{"href":"https:\/\/regionalcup.athletico-buedelsdorf.de\/index.php?rest_route=\/wp\/v2\/pages\/928","targetHints":{"allow":["GET"]}}],"collection":[{"href":"https:\/\/regionalcup.athletico-buedelsdorf.de\/index.php?rest_route=\/wp\/v2\/pages"}],"about":[{"href":"https:\/\/regionalcup.athletico-buedelsdorf.de\/index.php?rest_route=\/wp\/v2\/types\/page"}],"author":[{"embeddable":true,"href":"https:\/\/regionalcup.athletico-buedelsdorf.de\/index.php?rest_route=\/wp\/v2\/users\/1"}],"replies":[{"embeddable":true,"href":"https:\/\/regionalcup.athletico-buedelsdorf.de\/index.php?rest_route=%2Fwp%2Fv2%2Fcomments&post=928"}],"version-history":[{"count":1,"href":"https:\/\/regionalcup.athletico-buedelsdorf.de\/index.php?rest_route=\/wp\/v2\/pages\/928\/revisions"}],"predecessor-version":[{"id":929,"href":"https:\/\/regionalcup.athletico-buedelsdorf.de\/index.php?rest_route=\/wp\/v2\/pages\/928\/revisions\/929"}],"wp:attachment":[{"href":"https:\/\/regionalcup.athletico-buedelsdorf.de\/index.php?rest_route=%2Fwp%2Fv2%2Fmedia&parent=928"}],"curies":[{"name":"wp","href":"https:\/\/api.w.org\/{rel}","templated":true}]}}